{"id":168,"date":"2021-12-29T10:40:32","date_gmt":"2021-12-29T10:40:32","guid":{"rendered":"https:\/\/guldenfels.com\/?page_id=168"},"modified":"2021-12-29T10:40:32","modified_gmt":"2021-12-29T10:40:32","slug":"home","status":"publish","type":"page","link":"https:\/\/guldenfels.com\/de\/","title":{"rendered":"Home"},"content":{"rendered":"\n<p>Wir sind ein Schweizer Beratungsunternehmen mit Schwerpunkt Gestaltung und Informationstechnologie. Mit unseren Partnern unterst\u00fctzen wir kreative Menschen beim Umsetzen ihrer Ideen und bringen \u00c4sthetik &amp; Innovation in die Verarbeitung von Daten. Dabei steht f\u00fcr uns der Mensch und das Team im Vordergrund.<\/p>\n\n\n\n<p>Im Rahmen unserer M\u00f6glichkeiten engagieren wir uns in sozialen Projekten und unterst\u00fctzen Initiativen f\u00fcr das Allgemeinwohl.<\/p>\n\n\n\n<p>Falls Du eine Projektidee hast, gerne mit uns zusammenarbeiten m\u00f6chtest oder einfach ein paar Gedanken mit uns teilen m\u00f6chtest, dann schreib uns an info@guldenfels.com. Wir freuen uns, Dich kennenzulernen.<\/p>\n","protected":false},"excerpt":{"rendered":"<p>Wir sind ein Schweizer Beratungsunternehmen mit Schwerpunkt Gestaltung und Informationstechnologie. Mit unseren Partnern unterst\u00fctzen wir kreative Menschen beim Umsetzen ihrer Ideen und bringen \u00c4sthetik &amp; Innovation in die Verarbeitung von Daten. Dabei steht f\u00fcr uns der Mensch und das Team im Vordergrund. Im Rahmen unserer M\u00f6glichkeiten engagieren wir uns in sozialen Projekten und unterst\u00fctzen Initiativen &hellip; <\/p>\n<p class=\"link-more\"><a href=\"https:\/\/guldenfels.com\/de\/\" class=\"more-link\"><span class=\"screen-reader-text\">\u201eHome\u201c <\/span>weiterlesen<\/a><\/p>\n","protected":false},"author":1,"featured_media":0,"parent":0,"menu_order":0,"comment_status":"closed","ping_status":"closed","template":"","meta":{"footnotes":""},"class_list":["post-168","page","type-page","status-publish","hentry"],"translation":{"provider":"WPGlobus","version":"3.0.2","language":"de","enabled_languages":["en","de"],"languages":{"en":{"title":true,"content":true,"excerpt":false},"de":{"title":true,"content":true,"excerpt":false}}},"_links":{"self":[{"href":"https:\/\/guldenfels.com\/de\/wp-json\/wp\/v2\/pages\/168","targetHints":{"allow":["GET"]}}],"collection":[{"href":"https:\/\/guldenfels.com\/de\/wp-json\/wp\/v2\/pages"}],"about":[{"href":"https:\/\/guldenfels.com\/de\/wp-json\/wp\/v2\/types\/page"}],"author":[{"embeddable":true,"href":"https:\/\/guldenfels.com\/de\/wp-json\/wp\/v2\/users\/1"}],"replies":[{"embeddable":true,"href":"https:\/\/guldenfels.com\/de\/wp-json\/wp\/v2\/comments?post=168"}],"version-history":[{"count":4,"href":"https:\/\/guldenfels.com\/de\/wp-json\/wp\/v2\/pages\/168\/revisions"}],"predecessor-version":[{"id":172,"href":"https:\/\/guldenfels.com\/de\/wp-json\/wp\/v2\/pages\/168\/revisions\/172"}],"wp:attachment":[{"href":"https:\/\/guldenfels.com\/de\/wp-json\/wp\/v2\/media?parent=168"}],"curies":[{"name":"wp","href":"https:\/\/api.w.org\/{rel}","templated":true}]}}