{"id":138,"date":"2020-09-28T14:45:19","date_gmt":"2020-09-28T14:45:19","guid":{"rendered":"https:\/\/guldenfels.com\/?page_id=138"},"modified":"2023-12-05T08:18:52","modified_gmt":"2023-12-05T08:18:52","slug":"consulting","status":"publish","type":"page","link":"https:\/\/guldenfels.com\/de\/consulting\/","title":{"rendered":"Beratung"},"content":{"rendered":"\n<p>Ein junger Arzt fand sich kurz vor dem Millenium von der Informatik im Klinikalltag herausgefordert. Er beschloss, selber Hand anzulegen und Dinge zu \u00e4ndern. Vom Establishment zuerst als IT-Terrorist verschrien, erm\u00f6glichte ihm eben dieser Milleniumswechsel, eine Laufbahn in der Medizininformatik zu starten.<\/p>\n\n\n\n<p>20 Jahre sp\u00e4ter verf\u00fcgen wir \u00fcber einen reichen Fundus an Erfahrungen im Bereich der medizinischen Informatik und Datenhaltung. Dar\u00fcber hinaus haben wir ein gut dotiertes Beziehungsnetz. Unsere Berater sind deshalb in der Lage, die meisten Herausforderungen der Branche zu adressieren.<\/p>\n\n\n\n<p>Unsere N\u00e4he zur Kreativbranche erlaubt uns auch deren Belange fachgerecht zu adressieren: Grafik, Design und Musikproduktion sind bei uns gut aufgehoben.<\/p>\n","protected":false},"excerpt":{"rendered":"<p>Ein junger Arzt fand sich kurz vor dem Millenium von der Informatik im Klinikalltag herausgefordert. Er beschloss, selber Hand anzulegen und Dinge zu \u00e4ndern. Vom Establishment zuerst als IT-Terrorist verschrien, erm\u00f6glichte ihm eben dieser Milleniumswechsel, eine Laufbahn in der Medizininformatik zu starten. 20 Jahre sp\u00e4ter verf\u00fcgen wir \u00fcber einen reichen Fundus an Erfahrungen im Bereich &hellip; <\/p>\n<p class=\"link-more\"><a href=\"https:\/\/guldenfels.com\/de\/consulting\/\" class=\"more-link\"><span class=\"screen-reader-text\">\u201eBeratung\u201c <\/span>weiterlesen<\/a><\/p>\n","protected":false},"author":1,"featured_media":0,"parent":0,"menu_order":0,"comment_status":"closed","ping_status":"closed","template":"","meta":{"footnotes":""},"class_list":["post-138","page","type-page","status-publish","hentry"],"translation":{"provider":"WPGlobus","version":"3.0.2","language":"de","enabled_languages":["en","de"],"languages":{"en":{"title":true,"content":true,"excerpt":false},"de":{"title":true,"content":true,"excerpt":false}}},"_links":{"self":[{"href":"https:\/\/guldenfels.com\/de\/wp-json\/wp\/v2\/pages\/138","targetHints":{"allow":["GET"]}}],"collection":[{"href":"https:\/\/guldenfels.com\/de\/wp-json\/wp\/v2\/pages"}],"about":[{"href":"https:\/\/guldenfels.com\/de\/wp-json\/wp\/v2\/types\/page"}],"author":[{"embeddable":true,"href":"https:\/\/guldenfels.com\/de\/wp-json\/wp\/v2\/users\/1"}],"replies":[{"embeddable":true,"href":"https:\/\/guldenfels.com\/de\/wp-json\/wp\/v2\/comments?post=138"}],"version-history":[{"count":9,"href":"https:\/\/guldenfels.com\/de\/wp-json\/wp\/v2\/pages\/138\/revisions"}],"predecessor-version":[{"id":181,"href":"https:\/\/guldenfels.com\/de\/wp-json\/wp\/v2\/pages\/138\/revisions\/181"}],"wp:attachment":[{"href":"https:\/\/guldenfels.com\/de\/wp-json\/wp\/v2\/media?parent=138"}],"curies":[{"name":"wp","href":"https:\/\/api.w.org\/{rel}","templated":true}]}}