{"id":135,"date":"2020-09-28T14:45:00","date_gmt":"2020-09-28T14:45:00","guid":{"rendered":"https:\/\/guldenfels.com\/?page_id=135"},"modified":"2023-12-05T08:18:12","modified_gmt":"2023-12-05T08:18:12","slug":"creative","status":"publish","type":"page","link":"https:\/\/guldenfels.com\/de\/creative\/","title":{"rendered":"Kreativ"},"content":{"rendered":"\n<p>Vor mehr als 30 Jahren ist &#8222;Guldenfels Design&#8220; als private Initiative einer jungen Grafikerin entstanden. Kurze Zeit sp\u00e4ter hat sich &#8222;Guldenfels Music&#8220; dazu gesellt. Sp\u00e4ter Entstand der Traum von &#8222;Guldenfels Productions&#8220;. Einzelne Initiativen aus dieser Kreativschmiede haben es zu gewissen Achtungserfolgen gebracht. Der Brand selber blieb mangels juristischer Identit\u00e4t weitgehend unbeachtet.<\/p>\n\n\n\n<p>Mit Gr\u00fcndung der Guldenfels &amp; Partner GmbH haben wir eine tragf\u00e4hige Struktur geschaffen, die es uns und unseren Partnern erlaubt, interessanten Ideen die n\u00f6tige juristische und kommerzielle St\u00fctze zu geben.<\/p>\n\n\n\n<p>Hier ein Beispiel einer solchen Partnerschaft: <a href=\"https:\/\/yeahlena.rocks\/\" target=\"_blank\" rel=\"noreferrer noopener\">Yeahlena Creative Lab<\/a><\/p>\n","protected":false},"excerpt":{"rendered":"<p>Vor mehr als 30 Jahren ist &#8222;Guldenfels Design&#8220; als private Initiative einer jungen Grafikerin entstanden. Kurze Zeit sp\u00e4ter hat sich &#8222;Guldenfels Music&#8220; dazu gesellt. Sp\u00e4ter Entstand der Traum von &#8222;Guldenfels Productions&#8220;. Einzelne Initiativen aus dieser Kreativschmiede haben es zu gewissen Achtungserfolgen gebracht. Der Brand selber blieb mangels juristischer Identit\u00e4t weitgehend unbeachtet. Mit Gr\u00fcndung der Guldenfels &hellip; <\/p>\n<p class=\"link-more\"><a href=\"https:\/\/guldenfels.com\/de\/creative\/\" class=\"more-link\"><span class=\"screen-reader-text\">\u201eKreativ\u201c <\/span>weiterlesen<\/a><\/p>\n","protected":false},"author":1,"featured_media":0,"parent":0,"menu_order":0,"comment_status":"closed","ping_status":"closed","template":"","meta":{"footnotes":""},"class_list":["post-135","page","type-page","status-publish","hentry"],"translation":{"provider":"WPGlobus","version":"3.0.2","language":"de","enabled_languages":["en","de"],"languages":{"en":{"title":true,"content":true,"excerpt":false},"de":{"title":true,"content":true,"excerpt":false}}},"_links":{"self":[{"href":"https:\/\/guldenfels.com\/de\/wp-json\/wp\/v2\/pages\/135","targetHints":{"allow":["GET"]}}],"collection":[{"href":"https:\/\/guldenfels.com\/de\/wp-json\/wp\/v2\/pages"}],"about":[{"href":"https:\/\/guldenfels.com\/de\/wp-json\/wp\/v2\/types\/page"}],"author":[{"embeddable":true,"href":"https:\/\/guldenfels.com\/de\/wp-json\/wp\/v2\/users\/1"}],"replies":[{"embeddable":true,"href":"https:\/\/guldenfels.com\/de\/wp-json\/wp\/v2\/comments?post=135"}],"version-history":[{"count":8,"href":"https:\/\/guldenfels.com\/de\/wp-json\/wp\/v2\/pages\/135\/revisions"}],"predecessor-version":[{"id":180,"href":"https:\/\/guldenfels.com\/de\/wp-json\/wp\/v2\/pages\/135\/revisions\/180"}],"wp:attachment":[{"href":"https:\/\/guldenfels.com\/de\/wp-json\/wp\/v2\/media?parent=135"}],"curies":[{"name":"wp","href":"https:\/\/api.w.org\/{rel}","templated":true}]}}